{"id":4733,"date":"2025-12-05T11:49:11","date_gmt":"2025-12-05T03:49:11","guid":{"rendered":"https:\/\/www.jianpaitech.com\/?post_type=product&#038;p=4733"},"modified":"2025-12-05T11:49:11","modified_gmt":"2025-12-05T03:49:11","slug":"semi-automatic-double-feeder-capsule-filling-machine","status":"publish","type":"product","link":"https:\/\/www.jianpaitech.com\/tr\/product\/semi-automatic-double-feeder-capsule-filling-machine\/","title":{"rendered":"Yar\u0131 Otomatik \u00c7ift Besleyici Kaps\u00fcl Dolum Makinesi"},"content":{"rendered":"","protected":false},"excerpt":{"rendered":"","protected":false},"featured_media":4734,"template":"","meta":{"_acf_changed":false,"footnotes":""},"product_category":[127],"product_filter":[],"class_list":["post-4733","product","type-product","status-publish","has-post-thumbnail","hentry","product_category-capsule-filling-machines"],"acf":[],"_links":{"self":[{"href":"https:\/\/www.jianpaitech.com\/tr\/wp-json\/wp\/v2\/product\/4733","targetHints":{"allow":["GET"]}}],"collection":[{"href":"https:\/\/www.jianpaitech.com\/tr\/wp-json\/wp\/v2\/product"}],"about":[{"href":"https:\/\/www.jianpaitech.com\/tr\/wp-json\/wp\/v2\/types\/product"}],"version-history":[{"count":1,"href":"https:\/\/www.jianpaitech.com\/tr\/wp-json\/wp\/v2\/product\/4733\/revisions"}],"predecessor-version":[{"id":4735,"href":"https:\/\/www.jianpaitech.com\/tr\/wp-json\/wp\/v2\/product\/4733\/revisions\/4735"}],"wp:featuredmedia":[{"embeddable":true,"href":"https:\/\/www.jianpaitech.com\/tr\/wp-json\/wp\/v2\/media\/4734"}],"wp:attachment":[{"href":"https:\/\/www.jianpaitech.com\/tr\/wp-json\/wp\/v2\/media?parent=4733"}],"wp:term":[{"taxonomy":"product_category","embeddable":true,"href":"https:\/\/www.jianpaitech.com\/tr\/wp-json\/wp\/v2\/product_category?post=4733"},{"taxonomy":"product_filter","embeddable":true,"href":"https:\/\/www.jianpaitech.com\/tr\/wp-json\/wp\/v2\/product_filter?post=4733"}],"curies":[{"name":"wp","href":"https:\/\/api.w.org\/{rel}","templated":true}]}}