{"id":3116,"date":"2025-05-24T09:30:33","date_gmt":"2025-05-24T01:30:33","guid":{"rendered":"https:\/\/jianpai.junj.cc\/?post_type=product&#038;p=3116"},"modified":"2026-01-06T16:33:35","modified_gmt":"2026-01-06T08:33:35","slug":"model-jhz-d-series-high-shear-mixer-granulator","status":"publish","type":"product","link":"https:\/\/www.jianpaitech.com\/tr\/product\/model-jhz-d-series-high-shear-mixer-granulator\/","title":{"rendered":"Model JHZ-D Serisi Y\u00fcksek Par\u00e7alay\u0131c\u0131 Mikser (Islak Gran\u00fclat\u00f6r)"},"content":{"rendered":"<p>T\u00fcm i\u015flem, kuru kar\u0131\u015ft\u0131rma ve \u0131slak kar\u0131\u015ft\u0131rma gran\u00fclasyonu i\u00e7in ayn\u0131 kapal\u0131 kapta tamamlan\u0131r. Geleneksel s\u00fcre\u00e7le kar\u015f\u0131la\u015ft\u0131r\u0131ld\u0131\u011f\u0131nda, 25% yap\u0131\u015ft\u0131r\u0131c\u0131lar\u0131 azalt\u0131r ve kurutma s\u00fcresini k\u0131salt\u0131r.<\/p>","protected":false},"excerpt":{"rendered":"<p>T\u00fcm i\u015flem, kuru kar\u0131\u015ft\u0131rma ve \u0131slak kar\u0131\u015ft\u0131rma gran\u00fclasyonu i\u00e7in ayn\u0131 kapal\u0131 kapta tamamlan\u0131r. Geleneksel s\u00fcre\u00e7le kar\u015f\u0131la\u015ft\u0131r\u0131ld\u0131\u011f\u0131nda, 25% yap\u0131\u015ft\u0131r\u0131c\u0131lar\u0131 azalt\u0131r ve kurutma s\u00fcresini k\u0131salt\u0131r.<\/p>","protected":false},"featured_media":3366,"template":"","meta":{"_acf_changed":false,"footnotes":""},"product_category":[119],"product_filter":[],"class_list":["post-3116","product","type-product","status-publish","has-post-thumbnail","hentry","product_category-high-shear-mixer"],"acf":[],"_links":{"self":[{"href":"https:\/\/www.jianpaitech.com\/tr\/wp-json\/wp\/v2\/product\/3116","targetHints":{"allow":["GET"]}}],"collection":[{"href":"https:\/\/www.jianpaitech.com\/tr\/wp-json\/wp\/v2\/product"}],"about":[{"href":"https:\/\/www.jianpaitech.com\/tr\/wp-json\/wp\/v2\/types\/product"}],"version-history":[{"count":12,"href":"https:\/\/www.jianpaitech.com\/tr\/wp-json\/wp\/v2\/product\/3116\/revisions"}],"predecessor-version":[{"id":4904,"href":"https:\/\/www.jianpaitech.com\/tr\/wp-json\/wp\/v2\/product\/3116\/revisions\/4904"}],"wp:featuredmedia":[{"embeddable":true,"href":"https:\/\/www.jianpaitech.com\/tr\/wp-json\/wp\/v2\/media\/3366"}],"wp:attachment":[{"href":"https:\/\/www.jianpaitech.com\/tr\/wp-json\/wp\/v2\/media?parent=3116"}],"wp:term":[{"taxonomy":"product_category","embeddable":true,"href":"https:\/\/www.jianpaitech.com\/tr\/wp-json\/wp\/v2\/product_category?post=3116"},{"taxonomy":"product_filter","embeddable":true,"href":"https:\/\/www.jianpaitech.com\/tr\/wp-json\/wp\/v2\/product_filter?post=3116"}],"curies":[{"name":"wp","href":"https:\/\/api.w.org\/{rel}","templated":true}]}}