{"id":3110,"date":"2025-05-23T17:51:19","date_gmt":"2025-05-23T09:51:19","guid":{"rendered":"https:\/\/jianpai.junj.cc\/?post_type=product&#038;p=3110"},"modified":"2026-01-06T16:34:30","modified_gmt":"2026-01-06T08:34:30","slug":"model-jgf-c-series-grinder","status":"publish","type":"product","link":"https:\/\/www.jianpaitech.com\/tr\/product\/model-jgf-c-series-grinder\/","title":{"rendered":"Model JGF-C Serisi \u00d6\u011f\u00fct\u00fcc\u00fc"},"content":{"rendered":"","protected":false},"excerpt":{"rendered":"","protected":false},"featured_media":3362,"template":"","meta":{"_acf_changed":false,"footnotes":""},"product_category":[123],"product_filter":[],"class_list":["post-3110","product","type-product","status-publish","has-post-thumbnail","hentry","product_category-pharma-mill"],"acf":[],"_links":{"self":[{"href":"https:\/\/www.jianpaitech.com\/tr\/wp-json\/wp\/v2\/product\/3110","targetHints":{"allow":["GET"]}}],"collection":[{"href":"https:\/\/www.jianpaitech.com\/tr\/wp-json\/wp\/v2\/product"}],"about":[{"href":"https:\/\/www.jianpaitech.com\/tr\/wp-json\/wp\/v2\/types\/product"}],"version-history":[{"count":10,"href":"https:\/\/www.jianpaitech.com\/tr\/wp-json\/wp\/v2\/product\/3110\/revisions"}],"predecessor-version":[{"id":4905,"href":"https:\/\/www.jianpaitech.com\/tr\/wp-json\/wp\/v2\/product\/3110\/revisions\/4905"}],"wp:featuredmedia":[{"embeddable":true,"href":"https:\/\/www.jianpaitech.com\/tr\/wp-json\/wp\/v2\/media\/3362"}],"wp:attachment":[{"href":"https:\/\/www.jianpaitech.com\/tr\/wp-json\/wp\/v2\/media?parent=3110"}],"wp:term":[{"taxonomy":"product_category","embeddable":true,"href":"https:\/\/www.jianpaitech.com\/tr\/wp-json\/wp\/v2\/product_category?post=3110"},{"taxonomy":"product_filter","embeddable":true,"href":"https:\/\/www.jianpaitech.com\/tr\/wp-json\/wp\/v2\/product_filter?post=3110"}],"curies":[{"name":"wp","href":"https:\/\/api.w.org\/{rel}","templated":true}]}}