{"id":3116,"date":"2025-05-24T09:30:33","date_gmt":"2025-05-24T01:30:33","guid":{"rendered":"https:\/\/jianpai.junj.cc\/?post_type=product&#038;p=3116"},"modified":"2026-01-06T16:33:35","modified_gmt":"2026-01-06T08:33:35","slug":"model-jhz-d-series-high-shear-mixer-granulator","status":"publish","type":"product","link":"https:\/\/www.jianpaitech.com\/pt\/product\/model-jhz-d-series-high-shear-mixer-granulator\/","title":{"rendered":"Misturador de alto cisalhamento s\u00e9rie modelo JHZ-D \uff08Granulador \u00famido\uff09"},"content":{"rendered":"<p>Todo o processo \u00e9 conclu\u00eddo no mesmo recipiente fechado para mistura a seco e granula\u00e7\u00e3o de mistura molhada. Comparado com o processo tradicional, reduz 25% de adesivos e diminui o tempo de secagem.<\/p>","protected":false},"excerpt":{"rendered":"<p>Todo o processo \u00e9 conclu\u00eddo no mesmo recipiente fechado para mistura a seco e granula\u00e7\u00e3o de mistura molhada. Comparado com o processo tradicional, reduz 25% de adesivos e diminui o tempo de secagem.<\/p>","protected":false},"featured_media":3366,"template":"","meta":{"_acf_changed":false,"footnotes":""},"product_category":[119],"product_filter":[],"class_list":["post-3116","product","type-product","status-publish","has-post-thumbnail","hentry","product_category-high-shear-mixer"],"acf":[],"_links":{"self":[{"href":"https:\/\/www.jianpaitech.com\/pt\/wp-json\/wp\/v2\/product\/3116","targetHints":{"allow":["GET"]}}],"collection":[{"href":"https:\/\/www.jianpaitech.com\/pt\/wp-json\/wp\/v2\/product"}],"about":[{"href":"https:\/\/www.jianpaitech.com\/pt\/wp-json\/wp\/v2\/types\/product"}],"version-history":[{"count":12,"href":"https:\/\/www.jianpaitech.com\/pt\/wp-json\/wp\/v2\/product\/3116\/revisions"}],"predecessor-version":[{"id":4904,"href":"https:\/\/www.jianpaitech.com\/pt\/wp-json\/wp\/v2\/product\/3116\/revisions\/4904"}],"wp:featuredmedia":[{"embeddable":true,"href":"https:\/\/www.jianpaitech.com\/pt\/wp-json\/wp\/v2\/media\/3366"}],"wp:attachment":[{"href":"https:\/\/www.jianpaitech.com\/pt\/wp-json\/wp\/v2\/media?parent=3116"}],"wp:term":[{"taxonomy":"product_category","embeddable":true,"href":"https:\/\/www.jianpaitech.com\/pt\/wp-json\/wp\/v2\/product_category?post=3116"},{"taxonomy":"product_filter","embeddable":true,"href":"https:\/\/www.jianpaitech.com\/pt\/wp-json\/wp\/v2\/product_filter?post=3116"}],"curies":[{"name":"wp","href":"https:\/\/api.w.org\/{rel}","templated":true}]}}