{"id":3242,"date":"2025-05-26T14:51:10","date_gmt":"2025-05-26T06:51:10","guid":{"rendered":"https:\/\/jianpai.junj.cc\/?post_type=product&#038;p=3242"},"modified":"2025-11-18T15:09:41","modified_gmt":"2025-11-18T07:09:41","slug":"model-jgb-c-series-high-efficient-sugar-flim-coating-machine","status":"publish","type":"product","link":"https:\/\/www.jianpaitech.com\/fr\/product\/model-jgb-c-series-high-efficient-sugar-flim-coating-machine\/","title":{"rendered":"Mod\u00e8le de la s\u00e9rie de rev\u00eatements de sucre \/ flim tr\u00e8s efficaces JGB-C"},"content":{"rendered":"","protected":false},"excerpt":{"rendered":"","protected":false},"featured_media":3357,"template":"","meta":{"_acf_changed":false,"footnotes":""},"product_category":[118],"product_filter":[],"class_list":["post-3242","product","type-product","status-publish","has-post-thumbnail","hentry","product_category-tablet-coating"],"acf":[],"_links":{"self":[{"href":"https:\/\/www.jianpaitech.com\/fr\/wp-json\/wp\/v2\/product\/3242","targetHints":{"allow":["GET"]}}],"collection":[{"href":"https:\/\/www.jianpaitech.com\/fr\/wp-json\/wp\/v2\/product"}],"about":[{"href":"https:\/\/www.jianpaitech.com\/fr\/wp-json\/wp\/v2\/types\/product"}],"version-history":[{"count":5,"href":"https:\/\/www.jianpaitech.com\/fr\/wp-json\/wp\/v2\/product\/3242\/revisions"}],"predecessor-version":[{"id":3466,"href":"https:\/\/www.jianpaitech.com\/fr\/wp-json\/wp\/v2\/product\/3242\/revisions\/3466"}],"wp:featuredmedia":[{"embeddable":true,"href":"https:\/\/www.jianpaitech.com\/fr\/wp-json\/wp\/v2\/media\/3357"}],"wp:attachment":[{"href":"https:\/\/www.jianpaitech.com\/fr\/wp-json\/wp\/v2\/media?parent=3242"}],"wp:term":[{"taxonomy":"product_category","embeddable":true,"href":"https:\/\/www.jianpaitech.com\/fr\/wp-json\/wp\/v2\/product_category?post=3242"},{"taxonomy":"product_filter","embeddable":true,"href":"https:\/\/www.jianpaitech.com\/fr\/wp-json\/wp\/v2\/product_filter?post=3242"}],"curies":[{"name":"wp","href":"https:\/\/api.w.org\/{rel}","templated":true}]}}