{"id":3217,"date":"2025-05-26T11:31:01","date_gmt":"2025-05-26T03:31:01","guid":{"rendered":"https:\/\/jianpai.junj.cc\/?post_type=product&#038;p=3217"},"modified":"2025-11-18T15:16:04","modified_gmt":"2025-11-18T07:16:04","slug":"model-jhsd-series-double-reflux-continuous-mixer","status":"publish","type":"product","link":"https:\/\/www.jianpaitech.com\/fr\/product\/model-jhsd-series-double-reflux-continuous-mixer\/","title":{"rendered":"Mod\u00e8le de m\u00e9langeur continu \u00e0 double reflux de s\u00e9rie JHSD"},"content":{"rendered":"","protected":false},"excerpt":{"rendered":"","protected":false},"featured_media":3445,"template":"","meta":{"_acf_changed":false,"footnotes":""},"product_category":[124],"product_filter":[],"class_list":["post-3217","product","type-product","status-publish","has-post-thumbnail","hentry","product_category-pharma-blender"],"acf":[],"_links":{"self":[{"href":"https:\/\/www.jianpaitech.com\/fr\/wp-json\/wp\/v2\/product\/3217","targetHints":{"allow":["GET"]}}],"collection":[{"href":"https:\/\/www.jianpaitech.com\/fr\/wp-json\/wp\/v2\/product"}],"about":[{"href":"https:\/\/www.jianpaitech.com\/fr\/wp-json\/wp\/v2\/types\/product"}],"version-history":[{"count":2,"href":"https:\/\/www.jianpaitech.com\/fr\/wp-json\/wp\/v2\/product\/3217\/revisions"}],"predecessor-version":[{"id":3448,"href":"https:\/\/www.jianpaitech.com\/fr\/wp-json\/wp\/v2\/product\/3217\/revisions\/3448"}],"wp:featuredmedia":[{"embeddable":true,"href":"https:\/\/www.jianpaitech.com\/fr\/wp-json\/wp\/v2\/media\/3445"}],"wp:attachment":[{"href":"https:\/\/www.jianpaitech.com\/fr\/wp-json\/wp\/v2\/media?parent=3217"}],"wp:term":[{"taxonomy":"product_category","embeddable":true,"href":"https:\/\/www.jianpaitech.com\/fr\/wp-json\/wp\/v2\/product_category?post=3217"},{"taxonomy":"product_filter","embeddable":true,"href":"https:\/\/www.jianpaitech.com\/fr\/wp-json\/wp\/v2\/product_filter?post=3217"}],"curies":[{"name":"wp","href":"https:\/\/api.w.org\/{rel}","templated":true}]}}