{"id":3167,"date":"2025-05-24T11:57:13","date_gmt":"2025-05-24T03:57:13","guid":{"rendered":"https:\/\/jianpai.junj.cc\/?post_type=product&#038;p=3167"},"modified":"2026-01-14T14:58:33","modified_gmt":"2026-01-14T06:58:33","slug":"model-jgdg-series-multi-function-dynamic-drying-machine","status":"publish","type":"product","link":"https:\/\/www.jianpaitech.com\/fr\/product\/model-jgdg-series-multi-function-dynamic-drying-machine\/","title":{"rendered":"Mod\u00e8le de s\u00e9chage dynamique de la s\u00e9rie JGDG S\u00e9rie JGDG"},"content":{"rendered":"","protected":false},"excerpt":{"rendered":"","protected":false},"featured_media":3408,"template":"","meta":{"_acf_changed":false,"footnotes":""},"product_category":[120],"product_filter":[],"class_list":["post-3167","product","type-product","status-publish","has-post-thumbnail","hentry","product_category-fluid-bed-dryer"],"acf":[],"_links":{"self":[{"href":"https:\/\/www.jianpaitech.com\/fr\/wp-json\/wp\/v2\/product\/3167","targetHints":{"allow":["GET"]}}],"collection":[{"href":"https:\/\/www.jianpaitech.com\/fr\/wp-json\/wp\/v2\/product"}],"about":[{"href":"https:\/\/www.jianpaitech.com\/fr\/wp-json\/wp\/v2\/types\/product"}],"version-history":[{"count":5,"href":"https:\/\/www.jianpaitech.com\/fr\/wp-json\/wp\/v2\/product\/3167\/revisions"}],"predecessor-version":[{"id":4982,"href":"https:\/\/www.jianpaitech.com\/fr\/wp-json\/wp\/v2\/product\/3167\/revisions\/4982"}],"wp:featuredmedia":[{"embeddable":true,"href":"https:\/\/www.jianpaitech.com\/fr\/wp-json\/wp\/v2\/media\/3408"}],"wp:attachment":[{"href":"https:\/\/www.jianpaitech.com\/fr\/wp-json\/wp\/v2\/media?parent=3167"}],"wp:term":[{"taxonomy":"product_category","embeddable":true,"href":"https:\/\/www.jianpaitech.com\/fr\/wp-json\/wp\/v2\/product_category?post=3167"},{"taxonomy":"product_filter","embeddable":true,"href":"https:\/\/www.jianpaitech.com\/fr\/wp-json\/wp\/v2\/product_filter?post=3167"}],"curies":[{"name":"wp","href":"https:\/\/api.w.org\/{rel}","templated":true}]}}