{"id":3162,"date":"2025-05-24T11:35:50","date_gmt":"2025-05-24T03:35:50","guid":{"rendered":"https:\/\/jianpai.junj.cc\/?post_type=product&#038;p=3162"},"modified":"2026-01-14T14:58:36","modified_gmt":"2026-01-14T06:58:36","slug":"model-jfg-c-series-high-efficient-boiling-drying-machine","status":"publish","type":"product","link":"https:\/\/www.jianpaitech.com\/fr\/product\/model-jfg-c-series-high-efficient-boiling-drying-machine\/","title":{"rendered":"Mod\u00e8le de s\u00e9chage bouillant de s\u00e9rie JFG-C"},"content":{"rendered":"","protected":false},"excerpt":{"rendered":"","protected":false},"featured_media":3163,"template":"","meta":{"_acf_changed":false,"footnotes":""},"product_category":[120],"product_filter":[],"class_list":["post-3162","product","type-product","status-publish","has-post-thumbnail","hentry","product_category-fluid-bed-dryer"],"acf":[],"_links":{"self":[{"href":"https:\/\/www.jianpaitech.com\/fr\/wp-json\/wp\/v2\/product\/3162","targetHints":{"allow":["GET"]}}],"collection":[{"href":"https:\/\/www.jianpaitech.com\/fr\/wp-json\/wp\/v2\/product"}],"about":[{"href":"https:\/\/www.jianpaitech.com\/fr\/wp-json\/wp\/v2\/types\/product"}],"version-history":[{"count":7,"href":"https:\/\/www.jianpaitech.com\/fr\/wp-json\/wp\/v2\/product\/3162\/revisions"}],"predecessor-version":[{"id":4983,"href":"https:\/\/www.jianpaitech.com\/fr\/wp-json\/wp\/v2\/product\/3162\/revisions\/4983"}],"wp:featuredmedia":[{"embeddable":true,"href":"https:\/\/www.jianpaitech.com\/fr\/wp-json\/wp\/v2\/media\/3163"}],"wp:attachment":[{"href":"https:\/\/www.jianpaitech.com\/fr\/wp-json\/wp\/v2\/media?parent=3162"}],"wp:term":[{"taxonomy":"product_category","embeddable":true,"href":"https:\/\/www.jianpaitech.com\/fr\/wp-json\/wp\/v2\/product_category?post=3162"},{"taxonomy":"product_filter","embeddable":true,"href":"https:\/\/www.jianpaitech.com\/fr\/wp-json\/wp\/v2\/product_filter?post=3162"}],"curies":[{"name":"wp","href":"https:\/\/api.w.org\/{rel}","templated":true}]}}