{"id":3122,"date":"2025-05-24T09:43:00","date_gmt":"2025-05-24T01:43:00","guid":{"rendered":"https:\/\/jianpai.junj.cc\/?post_type=product&#038;p=3122"},"modified":"2026-01-06T16:36:26","modified_gmt":"2026-01-06T08:36:26","slug":"model-jhz-c-series-high-shear-mixer-wet-granulator","status":"publish","type":"product","link":"https:\/\/www.jianpaitech.com\/fr\/product\/model-jhz-c-series-high-shear-mixer-wet-granulator\/","title":{"rendered":"M\u00e9langeur \u00e0 haut cisaillement mod\u00e8le s\u00e9rie JHZ-C (granulateur humide)"},"content":{"rendered":"","protected":false},"excerpt":{"rendered":"","protected":false},"featured_media":3364,"template":"","meta":{"_acf_changed":false,"footnotes":""},"product_category":[119],"product_filter":[],"class_list":["post-3122","product","type-product","status-publish","has-post-thumbnail","hentry","product_category-high-shear-mixer"],"acf":[],"_links":{"self":[{"href":"https:\/\/www.jianpaitech.com\/fr\/wp-json\/wp\/v2\/product\/3122","targetHints":{"allow":["GET"]}}],"collection":[{"href":"https:\/\/www.jianpaitech.com\/fr\/wp-json\/wp\/v2\/product"}],"about":[{"href":"https:\/\/www.jianpaitech.com\/fr\/wp-json\/wp\/v2\/types\/product"}],"version-history":[{"count":7,"href":"https:\/\/www.jianpaitech.com\/fr\/wp-json\/wp\/v2\/product\/3122\/revisions"}],"predecessor-version":[{"id":4906,"href":"https:\/\/www.jianpaitech.com\/fr\/wp-json\/wp\/v2\/product\/3122\/revisions\/4906"}],"wp:featuredmedia":[{"embeddable":true,"href":"https:\/\/www.jianpaitech.com\/fr\/wp-json\/wp\/v2\/media\/3364"}],"wp:attachment":[{"href":"https:\/\/www.jianpaitech.com\/fr\/wp-json\/wp\/v2\/media?parent=3122"}],"wp:term":[{"taxonomy":"product_category","embeddable":true,"href":"https:\/\/www.jianpaitech.com\/fr\/wp-json\/wp\/v2\/product_category?post=3122"},{"taxonomy":"product_filter","embeddable":true,"href":"https:\/\/www.jianpaitech.com\/fr\/wp-json\/wp\/v2\/product_filter?post=3122"}],"curies":[{"name":"wp","href":"https:\/\/api.w.org\/{rel}","templated":true}]}}