{"id":3116,"date":"2025-05-24T09:30:33","date_gmt":"2025-05-24T01:30:33","guid":{"rendered":"https:\/\/jianpai.junj.cc\/?post_type=product&#038;p=3116"},"modified":"2026-01-06T16:33:35","modified_gmt":"2026-01-06T08:33:35","slug":"model-jhz-d-series-high-shear-mixer-granulator","status":"publish","type":"product","link":"https:\/\/www.jianpaitech.com\/fr\/product\/model-jhz-d-series-high-shear-mixer-granulator\/","title":{"rendered":"M\u00e9langeur \u00e0 cisaillement \u00e9lev\u00e9 mod\u00e8le s\u00e9rie JHZ-D (granulateur humide)"},"content":{"rendered":"<p>L'ensemble du processus est achev\u00e9 dans le m\u00eame r\u00e9cipient ferm\u00e9 pour le m\u00e9lange sec et la granulation du m\u00e9lange humide. Par rapport au processus traditionnel, il r\u00e9duit 25% d'adh\u00e9sifs et raccourcit le temps de s\u00e9chage.<\/p>","protected":false},"excerpt":{"rendered":"<p>L'ensemble du processus est achev\u00e9 dans le m\u00eame r\u00e9cipient ferm\u00e9 pour le m\u00e9lange sec et la granulation du m\u00e9lange humide. Par rapport au processus traditionnel, il r\u00e9duit 25% d'adh\u00e9sifs et raccourcit le temps de s\u00e9chage.<\/p>","protected":false},"featured_media":3366,"template":"","meta":{"_acf_changed":false,"footnotes":""},"product_category":[119],"product_filter":[],"class_list":["post-3116","product","type-product","status-publish","has-post-thumbnail","hentry","product_category-high-shear-mixer"],"acf":[],"_links":{"self":[{"href":"https:\/\/www.jianpaitech.com\/fr\/wp-json\/wp\/v2\/product\/3116","targetHints":{"allow":["GET"]}}],"collection":[{"href":"https:\/\/www.jianpaitech.com\/fr\/wp-json\/wp\/v2\/product"}],"about":[{"href":"https:\/\/www.jianpaitech.com\/fr\/wp-json\/wp\/v2\/types\/product"}],"version-history":[{"count":12,"href":"https:\/\/www.jianpaitech.com\/fr\/wp-json\/wp\/v2\/product\/3116\/revisions"}],"predecessor-version":[{"id":4904,"href":"https:\/\/www.jianpaitech.com\/fr\/wp-json\/wp\/v2\/product\/3116\/revisions\/4904"}],"wp:featuredmedia":[{"embeddable":true,"href":"https:\/\/www.jianpaitech.com\/fr\/wp-json\/wp\/v2\/media\/3366"}],"wp:attachment":[{"href":"https:\/\/www.jianpaitech.com\/fr\/wp-json\/wp\/v2\/media?parent=3116"}],"wp:term":[{"taxonomy":"product_category","embeddable":true,"href":"https:\/\/www.jianpaitech.com\/fr\/wp-json\/wp\/v2\/product_category?post=3116"},{"taxonomy":"product_filter","embeddable":true,"href":"https:\/\/www.jianpaitech.com\/fr\/wp-json\/wp\/v2\/product_filter?post=3116"}],"curies":[{"name":"wp","href":"https:\/\/api.w.org\/{rel}","templated":true}]}}