{"id":3295,"date":"2025-05-29T14:06:48","date_gmt":"2025-05-29T06:06:48","guid":{"rendered":"https:\/\/jianpai.junj.cc\/?post_type=product&#038;p=3295"},"modified":"2025-11-26T15:31:51","modified_gmt":"2025-11-26T07:31:51","slug":"totally-enclosed-granulating-production-line","status":"publish","type":"product","link":"https:\/\/www.jianpaitech.com\/es\/product\/totally-enclosed-granulating-production-line\/","title":{"rendered":"L\u00ednea de producci\u00f3n de granulaci\u00f3n totalmente cerrada"},"content":{"rendered":"","protected":false},"excerpt":{"rendered":"","protected":false},"featured_media":4641,"template":"","meta":{"_acf_changed":false,"footnotes":""},"product_category":[122],"product_filter":[],"class_list":["post-3295","product","type-product","status-publish","has-post-thumbnail","hentry","product_category-continuous-manufacturing"],"acf":[],"_links":{"self":[{"href":"https:\/\/www.jianpaitech.com\/es\/wp-json\/wp\/v2\/product\/3295","targetHints":{"allow":["GET"]}}],"collection":[{"href":"https:\/\/www.jianpaitech.com\/es\/wp-json\/wp\/v2\/product"}],"about":[{"href":"https:\/\/www.jianpaitech.com\/es\/wp-json\/wp\/v2\/types\/product"}],"version-history":[{"count":14,"href":"https:\/\/www.jianpaitech.com\/es\/wp-json\/wp\/v2\/product\/3295\/revisions"}],"predecessor-version":[{"id":4642,"href":"https:\/\/www.jianpaitech.com\/es\/wp-json\/wp\/v2\/product\/3295\/revisions\/4642"}],"wp:featuredmedia":[{"embeddable":true,"href":"https:\/\/www.jianpaitech.com\/es\/wp-json\/wp\/v2\/media\/4641"}],"wp:attachment":[{"href":"https:\/\/www.jianpaitech.com\/es\/wp-json\/wp\/v2\/media?parent=3295"}],"wp:term":[{"taxonomy":"product_category","embeddable":true,"href":"https:\/\/www.jianpaitech.com\/es\/wp-json\/wp\/v2\/product_category?post=3295"},{"taxonomy":"product_filter","embeddable":true,"href":"https:\/\/www.jianpaitech.com\/es\/wp-json\/wp\/v2\/product_filter?post=3295"}],"curies":[{"name":"wp","href":"https:\/\/api.w.org\/{rel}","templated":true}]}}